{"id":2064,"date":"2022-06-27T19:20:22","date_gmt":"2022-06-27T17:20:22","guid":{"rendered":"https:\/\/one.srv13.mohxweb.de\/?page_id=2064"},"modified":"2025-03-04T15:49:17","modified_gmt":"2025-03-04T14:49:17","slug":"karriere","status":"publish","type":"page","link":"https:\/\/lardis-one.de\/en\/karriere\/","title":{"rendered":"Jobs"},"content":{"rendered":"<div data-elementor-type=\"wp-page\" data-elementor-id=\"2064\" class=\"elementor elementor-2064\" data-elementor-post-type=\"page\">\n\t\t\t\t\t\t<section class=\"elementor-section elementor-top-section elementor-element elementor-element-9c46ded elementor-section-boxed elementor-section-height-default elementor-section-height-default\" data-id=\"9c46ded\" data-element_type=\"section\">\n\t\t\t\t\t\t<div class=\"elementor-container elementor-column-gap-default\">\n\t\t\t\t\t<div class=\"elementor-column elementor-col-100 elementor-top-column elementor-element elementor-element-9ac63d1\" data-id=\"9ac63d1\" data-element_type=\"column\">\n\t\t\t<div class=\"elementor-widget-wrap elementor-element-populated\">\n\t\t\t\t\t\t<div class=\"elementor-element elementor-element-e9cc01d elementor-widget elementor-widget-heading\" data-id=\"e9cc01d\" data-element_type=\"widget\" data-widget_type=\"heading.default\">\n\t\t\t\t<div class=\"elementor-widget-container\">\n\t\t\t\t\t<h2 class=\"elementor-heading-title elementor-size-default\">Talent Meets Teamwork<\/h2>\t\t\t\t<\/div>\n\t\t\t\t<\/div>\n\t\t\t\t<div class=\"elementor-element elementor-element-0af5e4f elementor-widget-divider--view-line elementor-widget elementor-widget-divider\" data-id=\"0af5e4f\" data-element_type=\"widget\" data-widget_type=\"divider.default\">\n\t\t\t\t<div class=\"elementor-widget-container\">\n\t\t\t\t\t\t\t<div class=\"elementor-divider\">\n\t\t\t<span class=\"elementor-divider-separator\">\n\t\t\t\t\t\t<\/span>\n\t\t<\/div>\n\t\t\t\t\t\t<\/div>\n\t\t\t\t<\/div>\n\t\t\t\t<div class=\"elementor-element elementor-element-e86cc41 elementor-widget elementor-widget-text-editor\" data-id=\"e86cc41\" data-element_type=\"widget\" data-widget_type=\"text-editor.default\">\n\t\t\t\t<div class=\"elementor-widget-container\">\n\t\t\t\t\t\t\t\t\t<p>At RTM:IT, we want to make radio communication as easy as possible for emergency services.\u00a0<br \/><span style=\"letter-spacing: 0px;\">That's why we always do our best to develop new solutions for aid organizations.<\/span><\/p><p>This is where talent meets teamwork, innovation meets vision and cooperation meets equal footing. We create an environment in which ideas can emerge and personalities can grow. With exciting job offers and challenging tasks in IT.<\/p>\t\t\t\t\t\t\t\t<\/div>\n\t\t\t\t<\/div>\n\t\t\t\t\t<\/div>\n\t\t<\/div>\n\t\t\t\t\t<\/div>\n\t\t<\/section>\n\t\t\t\t<section class=\"elementor-section elementor-top-section elementor-element elementor-element-9ed22eb elementor-section-boxed elementor-section-height-default elementor-section-height-default\" data-id=\"9ed22eb\" data-element_type=\"section\" data-settings=\"{&quot;background_background&quot;:&quot;classic&quot;}\">\n\t\t\t\t\t\t<div class=\"elementor-container elementor-column-gap-default\">\n\t\t\t\t\t<div class=\"elementor-column elementor-col-100 elementor-top-column elementor-element elementor-element-91608d9\" data-id=\"91608d9\" data-element_type=\"column\">\n\t\t\t<div class=\"elementor-widget-wrap elementor-element-populated\">\n\t\t\t\t\t\t<div class=\"elementor-element elementor-element-02d9241 elementor-widget elementor-widget-heading\" data-id=\"02d9241\" data-element_type=\"widget\" data-widget_type=\"heading.default\">\n\t\t\t\t<div class=\"elementor-widget-container\">\n\t\t\t\t\t<h2 class=\"elementor-heading-title elementor-size-default\">Open jobs<\/h2>\t\t\t\t<\/div>\n\t\t\t\t<\/div>\n\t\t\t\t<div class=\"elementor-element elementor-element-ea2244f elementor-widget-divider--view-line elementor-widget elementor-widget-divider\" data-id=\"ea2244f\" data-element_type=\"widget\" data-widget_type=\"divider.default\">\n\t\t\t\t<div class=\"elementor-widget-container\">\n\t\t\t\t\t\t\t<div class=\"elementor-divider\">\n\t\t\t<span class=\"elementor-divider-separator\">\n\t\t\t\t\t\t<\/span>\n\t\t<\/div>\n\t\t\t\t\t\t<\/div>\n\t\t\t\t<\/div>\n\t\t\t\t<div class=\"elementor-element elementor-element-1a5293e elementor-widget elementor-widget-text-editor\" data-id=\"1a5293e\" data-element_type=\"widget\" data-widget_type=\"text-editor.default\">\n\t\t\t\t<div class=\"elementor-widget-container\">\n\t\t\t\t\t\t\t\t\t<p>Are you enthusiastic about IT and can identify with the world of emergency services? Do you want to work in a diverse team, take on responsibility and do socially relevant work? Then apply to join us!<\/p>\t\t\t\t\t\t\t\t<\/div>\n\t\t\t\t<\/div>\n\t\t\t\t\t<\/div>\n\t\t<\/div>\n\t\t\t\t\t<\/div>\n\t\t<\/section>\n\t\t\t\t<section class=\"elementor-section elementor-top-section elementor-element elementor-element-17c8e02 elementor-section-boxed elementor-section-height-default elementor-section-height-default elementor-invisible\" data-id=\"17c8e02\" data-element_type=\"section\" data-settings=\"{&quot;animation&quot;:&quot;fadeInUp&quot;}\">\n\t\t\t\t\t\t<div class=\"elementor-container elementor-column-gap-default\">\n\t\t\t\t\t<div class=\"elementor-column elementor-col-50 elementor-top-column elementor-element elementor-element-ffa7f54\" data-id=\"ffa7f54\" data-element_type=\"column\">\n\t\t\t<div class=\"elementor-widget-wrap elementor-element-populated\">\n\t\t\t\t\t\t<div class=\"elementor-element elementor-element-d3af06a elementor-flip-box--effect-fade elementor-widget__width-initial elementor-widget elementor-widget-flip-box\" data-id=\"d3af06a\" data-element_type=\"widget\" data-widget_type=\"flip-box.default\">\n\t\t\t\t<div class=\"elementor-widget-container\">\n\t\t\t\t\t\t\t<div class=\"elementor-flip-box\" tabindex=\"0\">\n\t\t\t<div class=\"elementor-flip-box__layer elementor-flip-box__front\">\n\t\t\t\t<div class=\"elementor-flip-box__layer__overlay\">\n\t\t\t\t\t<div class=\"elementor-flip-box__layer__inner\">\n\t\t\t\t\t\t\n\t\t\t\t\t\t\t\t\t\t\t\t\t<h3 class=\"elementor-flip-box__layer__title\">\n\t\t\t\t\t\t\t\tUnsolicited application\t\t\t\t\t\t\t<\/h3>\n\t\t\t\t\t\t\n\t\t\t\t\t\t\t\t\t\t\t<\/div>\n\t\t\t\t<\/div>\n\t\t\t<\/div>\n\t\t\t<div class=\"elementor-flip-box__layer elementor-flip-box__back\">\n\t\t\t<div class=\"elementor-flip-box__layer__overlay\">\n\t\t\t\t<div class=\"elementor-flip-box__layer__inner\">\n\t\t\t\t\t\t\t\t\t\t\t<h3 class=\"elementor-flip-box__layer__title\">\n\t\t\t\t\t\t\tWrite an application\t\t\t\t\t\t<\/h3>\n\t\t\t\t\t\n\t\t\t\t\t\n\t\t\t\t\t\t\t\t\t\t\t<a class=\"elementor-flip-box__button elementor-button elementor-size-sm\" href=\"mailto:bewerbung@rtm.it\" target=\"_blank\">\n\t\t\t\t\t\t\tEmail\t\t\t\t\t\t<\/a>\n\t\t\t\t\t\t\t\t<\/div>\n\t\t<\/div>\n\t\t<\/div>\n\t\t<\/div>\n\t\t\t\t\t\t<\/div>\n\t\t\t\t<\/div>\n\t\t\t\t\t<\/div>\n\t\t<\/div>\n\t\t\t\t<div class=\"elementor-column elementor-col-50 elementor-top-column elementor-element elementor-element-870ee8f\" data-id=\"870ee8f\" data-element_type=\"column\">\n\t\t\t<div class=\"elementor-widget-wrap\">\n\t\t\t\t\t\t\t<\/div>\n\t\t<\/div>\n\t\t\t\t\t<\/div>\n\t\t<\/section>\n\t\t\t\t<\/div>","protected":false},"excerpt":{"rendered":"<p>Talent Trifft Teamwork Wir von RTM:IT wollen das Funken f\u00fcr Einsatzkr\u00e4fte so einfach wie m\u00f6glich machen. Deshalb geben wir stets unser Bestes, um neue L\u00f6sungen f\u00fcr Hilfsorganisationen zu entwickeln. Hier trifft Talent auf Teamwork, Innovation [&hellip;]<\/p>","protected":false},"author":4,"featured_media":0,"parent":0,"menu_order":0,"comment_status":"closed","ping_status":"closed","template":"","meta":{"footnotes":""},"class_list":["post-2064","page","type-page","status-publish","hentry"],"yoast_head":"<!-- This site is optimized with the Yoast SEO plugin v26.6 - https:\/\/yoast.com\/wordpress\/plugins\/seo\/ -->\n<title>Karriere - LARDIS:ONE Funk-Navigationsl\u00f6sungen<\/title>\n<meta name=\"robots\" content=\"index, follow, max-snippet:-1, max-image-preview:large, max-video-preview:-1\" \/>\n<link rel=\"canonical\" href=\"https:\/\/lardis-one.de\/en\/karriere\/\" \/>\n<meta property=\"og:locale\" content=\"en_US\" \/>\n<meta property=\"og:type\" content=\"article\" \/>\n<meta property=\"og:title\" content=\"Karriere - LARDIS:ONE Funk-Navigationsl\u00f6sungen\" \/>\n<meta property=\"og:description\" content=\"Talent Trifft Teamwork Wir von RTM:IT wollen das Funken f\u00fcr Einsatzkr\u00e4fte so einfach wie m\u00f6glich machen. Deshalb geben wir stets unser Bestes, um neue L\u00f6sungen f\u00fcr Hilfsorganisationen zu entwickeln. Hier trifft Talent auf Teamwork, Innovation [&hellip;]\" \/>\n<meta property=\"og:url\" content=\"https:\/\/lardis-one.de\/en\/karriere\/\" \/>\n<meta property=\"og:site_name\" content=\"LARDIS:ONE Funk-Navigationsl\u00f6sungen\" \/>\n<meta property=\"article:modified_time\" content=\"2025-03-04T14:49:17+00:00\" \/>\n<meta name=\"twitter:card\" content=\"summary_large_image\" \/>\n<meta name=\"twitter:label1\" content=\"Est. reading time\" \/>\n\t<meta name=\"twitter:data1\" content=\"1 minute\" \/>\n<script type=\"application\/ld+json\" class=\"yoast-schema-graph\">{\"@context\":\"https:\/\/schema.org\",\"@graph\":[{\"@type\":\"WebPage\",\"@id\":\"https:\/\/lardis-one.de\/karriere\/\",\"url\":\"https:\/\/lardis-one.de\/karriere\/\",\"name\":\"Karriere - LARDIS:ONE Funk-Navigationsl\u00f6sungen\",\"isPartOf\":{\"@id\":\"https:\/\/lardis-one.de\/#website\"},\"datePublished\":\"2022-06-27T17:20:22+00:00\",\"dateModified\":\"2025-03-04T14:49:17+00:00\",\"breadcrumb\":{\"@id\":\"https:\/\/lardis-one.de\/karriere\/#breadcrumb\"},\"inLanguage\":\"en-US\",\"potentialAction\":[{\"@type\":\"ReadAction\",\"target\":[\"https:\/\/lardis-one.de\/karriere\/\"]}]},{\"@type\":\"BreadcrumbList\",\"@id\":\"https:\/\/lardis-one.de\/karriere\/#breadcrumb\",\"itemListElement\":[{\"@type\":\"ListItem\",\"position\":1,\"name\":\"Home\",\"item\":\"https:\/\/lardis-one.de\/\"},{\"@type\":\"ListItem\",\"position\":2,\"name\":\"Karriere\"}]},{\"@type\":\"WebSite\",\"@id\":\"https:\/\/lardis-one.de\/#website\",\"url\":\"https:\/\/lardis-one.de\/\",\"name\":\"LARDIS:ONE Funk-Navigationsl\u00f6sungen\",\"description\":\"Der schnellste Weg zum Einsatzort f\u00fcr Hilfsorganisationen\",\"publisher\":{\"@id\":\"https:\/\/lardis-one.de\/#organization\"},\"potentialAction\":[{\"@type\":\"SearchAction\",\"target\":{\"@type\":\"EntryPoint\",\"urlTemplate\":\"https:\/\/lardis-one.de\/?s={search_term_string}\"},\"query-input\":{\"@type\":\"PropertyValueSpecification\",\"valueRequired\":true,\"valueName\":\"search_term_string\"}}],\"inLanguage\":\"en-US\"},{\"@type\":\"Organization\",\"@id\":\"https:\/\/lardis-one.de\/#organization\",\"name\":\"LARDIS ist eine Marke der RTM Informationstechnologie GmbH & Co. KG\",\"url\":\"https:\/\/lardis-one.de\/\",\"logo\":{\"@type\":\"ImageObject\",\"inLanguage\":\"en-US\",\"@id\":\"https:\/\/lardis-one.de\/#\/schema\/logo\/image\/\",\"url\":\"https:\/\/lardis-one.de\/wp-content\/uploads\/2021\/10\/Lardis-Logo-100.png\",\"contentUrl\":\"https:\/\/lardis-one.de\/wp-content\/uploads\/2021\/10\/Lardis-Logo-100.png\",\"width\":137,\"height\":50,\"caption\":\"LARDIS ist eine Marke der RTM Informationstechnologie GmbH & Co. KG\"},\"image\":{\"@id\":\"https:\/\/lardis-one.de\/#\/schema\/logo\/image\/\"}}]}<\/script>\n<!-- \/ Yoast SEO plugin. -->","yoast_head_json":{"title":"Karriere - LARDIS:ONE Funk-Navigationsl\u00f6sungen","robots":{"index":"index","follow":"follow","max-snippet":"max-snippet:-1","max-image-preview":"max-image-preview:large","max-video-preview":"max-video-preview:-1"},"canonical":"https:\/\/lardis-one.de\/en\/karriere\/","og_locale":"en_US","og_type":"article","og_title":"Karriere - LARDIS:ONE Funk-Navigationsl\u00f6sungen","og_description":"Talent Trifft Teamwork Wir von RTM:IT wollen das Funken f\u00fcr Einsatzkr\u00e4fte so einfach wie m\u00f6glich machen. Deshalb geben wir stets unser Bestes, um neue L\u00f6sungen f\u00fcr Hilfsorganisationen zu entwickeln. Hier trifft Talent auf Teamwork, Innovation [&hellip;]","og_url":"https:\/\/lardis-one.de\/en\/karriere\/","og_site_name":"LARDIS:ONE Funk-Navigationsl\u00f6sungen","article_modified_time":"2025-03-04T14:49:17+00:00","twitter_card":"summary_large_image","twitter_misc":{"Est. reading time":"1 minute"},"schema":{"@context":"https:\/\/schema.org","@graph":[{"@type":"WebPage","@id":"https:\/\/lardis-one.de\/karriere\/","url":"https:\/\/lardis-one.de\/karriere\/","name":"Karriere - LARDIS:ONE Funk-Navigationsl\u00f6sungen","isPartOf":{"@id":"https:\/\/lardis-one.de\/#website"},"datePublished":"2022-06-27T17:20:22+00:00","dateModified":"2025-03-04T14:49:17+00:00","breadcrumb":{"@id":"https:\/\/lardis-one.de\/karriere\/#breadcrumb"},"inLanguage":"en-US","potentialAction":[{"@type":"ReadAction","target":["https:\/\/lardis-one.de\/karriere\/"]}]},{"@type":"BreadcrumbList","@id":"https:\/\/lardis-one.de\/karriere\/#breadcrumb","itemListElement":[{"@type":"ListItem","position":1,"name":"Home","item":"https:\/\/lardis-one.de\/"},{"@type":"ListItem","position":2,"name":"Karriere"}]},{"@type":"WebSite","@id":"https:\/\/lardis-one.de\/#website","url":"https:\/\/lardis-one.de\/","name":"LARDIS:ONE Funk-Navigationsl\u00f6sungen","description":"Der schnellste Weg zum Einsatzort f\u00fcr Hilfsorganisationen","publisher":{"@id":"https:\/\/lardis-one.de\/#organization"},"potentialAction":[{"@type":"SearchAction","target":{"@type":"EntryPoint","urlTemplate":"https:\/\/lardis-one.de\/?s={search_term_string}"},"query-input":{"@type":"PropertyValueSpecification","valueRequired":true,"valueName":"search_term_string"}}],"inLanguage":"en-US"},{"@type":"Organization","@id":"https:\/\/lardis-one.de\/#organization","name":"LARDIS ist eine Marke der RTM Informationstechnologie GmbH & Co. KG","url":"https:\/\/lardis-one.de\/","logo":{"@type":"ImageObject","inLanguage":"en-US","@id":"https:\/\/lardis-one.de\/#\/schema\/logo\/image\/","url":"https:\/\/lardis-one.de\/wp-content\/uploads\/2021\/10\/Lardis-Logo-100.png","contentUrl":"https:\/\/lardis-one.de\/wp-content\/uploads\/2021\/10\/Lardis-Logo-100.png","width":137,"height":50,"caption":"LARDIS ist eine Marke der RTM Informationstechnologie GmbH & Co. KG"},"image":{"@id":"https:\/\/lardis-one.de\/#\/schema\/logo\/image\/"}}]}},"_links":{"self":[{"href":"https:\/\/lardis-one.de\/en\/wp-json\/wp\/v2\/pages\/2064","targetHints":{"allow":["GET"]}}],"collection":[{"href":"https:\/\/lardis-one.de\/en\/wp-json\/wp\/v2\/pages"}],"about":[{"href":"https:\/\/lardis-one.de\/en\/wp-json\/wp\/v2\/types\/page"}],"author":[{"embeddable":true,"href":"https:\/\/lardis-one.de\/en\/wp-json\/wp\/v2\/users\/4"}],"replies":[{"embeddable":true,"href":"https:\/\/lardis-one.de\/en\/wp-json\/wp\/v2\/comments?post=2064"}],"version-history":[{"count":25,"href":"https:\/\/lardis-one.de\/en\/wp-json\/wp\/v2\/pages\/2064\/revisions"}],"predecessor-version":[{"id":3597,"href":"https:\/\/lardis-one.de\/en\/wp-json\/wp\/v2\/pages\/2064\/revisions\/3597"}],"wp:attachment":[{"href":"https:\/\/lardis-one.de\/en\/wp-json\/wp\/v2\/media?parent=2064"}],"curies":[{"name":"wp","href":"https:\/\/api.w.org\/{rel}","templated":true}]}}