{"id":1246,"date":"2022-04-09T13:34:59","date_gmt":"2022-04-09T11:34:59","guid":{"rendered":"https:\/\/one.srv13.mohxweb.de\/?page_id=1246"},"modified":"2025-03-04T16:07:37","modified_gmt":"2025-03-04T15:07:37","slug":"impressum","status":"publish","type":"page","link":"https:\/\/lardis-one.de\/en\/impressum\/","title":{"rendered":"Imprint"},"content":{"rendered":"<div data-elementor-type=\"wp-page\" data-elementor-id=\"1246\" class=\"elementor elementor-1246\" data-elementor-post-type=\"page\">\n\t\t\t\t\t\t<section class=\"elementor-section elementor-top-section elementor-element elementor-element-489e696 elementor-section-boxed elementor-section-height-default elementor-section-height-default\" data-id=\"489e696\" data-element_type=\"section\">\n\t\t\t\t\t\t<div class=\"elementor-container elementor-column-gap-default\">\n\t\t\t\t\t<div class=\"elementor-column elementor-col-50 elementor-top-column elementor-element elementor-element-bf67381\" data-id=\"bf67381\" data-element_type=\"column\">\n\t\t\t<div class=\"elementor-widget-wrap elementor-element-populated\">\n\t\t\t\t\t\t<div class=\"elementor-element elementor-element-01c9d3d elementor-widget elementor-widget-text-editor\" data-id=\"01c9d3d\" data-element_type=\"widget\" data-widget_type=\"text-editor.default\">\n\t\t\t\t<div class=\"elementor-widget-container\">\n\t\t\t\t\t\t\t\t\tLARDIS is a brand of RTM Informationstechnologie GmbH &amp; Co. KG with headquarters in F\u00fcrth. With innovative radio control systems for fire departments, rescue services, police, THW and industry, RTM is one of the leading suppliers in the German-speaking region. The development of LARDIS takes place centrally in F\u00fcrth.\t\t\t\t\t\t\t\t<\/div>\n\t\t\t\t<\/div>\n\t\t\t\t\t<\/div>\n\t\t<\/div>\n\t\t\t\t<div class=\"elementor-column elementor-col-50 elementor-top-column elementor-element elementor-element-afc066b\" data-id=\"afc066b\" data-element_type=\"column\">\n\t\t\t<div class=\"elementor-widget-wrap elementor-element-populated\">\n\t\t\t\t\t\t<div class=\"elementor-element elementor-element-79862e5 elementor-widget elementor-widget-text-editor\" data-id=\"79862e5\" data-element_type=\"widget\" data-widget_type=\"text-editor.default\">\n\t\t\t\t<div class=\"elementor-widget-container\">\n\t\t\t\t\t\t\t\t\tSales in Germany, Austria and Switzerland, including installation and implementation of the LARDIS solutions, are ensured by a strong partner network. International markets are served directly by RTM.\t\t\t\t\t\t\t\t<\/div>\n\t\t\t\t<\/div>\n\t\t\t\t\t<\/div>\n\t\t<\/div>\n\t\t\t\t\t<\/div>\n\t\t<\/section>\n\t\t\t\t<section class=\"elementor-section elementor-top-section elementor-element elementor-element-bfb0a86 elementor-section-boxed elementor-section-height-default elementor-section-height-default\" data-id=\"bfb0a86\" data-element_type=\"section\">\n\t\t\t\t\t\t\t<div class=\"elementor-background-overlay\"><\/div>\n\t\t\t\t\t\t\t<div class=\"elementor-container elementor-column-gap-default\">\n\t\t\t\t\t<div class=\"elementor-column elementor-col-100 elementor-top-column elementor-element elementor-element-392c522\" data-id=\"392c522\" data-element_type=\"column\">\n\t\t\t<div class=\"elementor-widget-wrap elementor-element-populated\">\n\t\t\t\t\t\t<div class=\"elementor-element elementor-element-0a387bc elementor-widget elementor-widget-heading\" data-id=\"0a387bc\" data-element_type=\"widget\" data-widget_type=\"heading.default\">\n\t\t\t\t<div class=\"elementor-widget-container\">\n\t\t\t\t\t<h2 class=\"elementor-heading-title elementor-size-default\">Information according to \u00a7 5 TGM<\/h2>\t\t\t\t<\/div>\n\t\t\t\t<\/div>\n\t\t\t\t\t<\/div>\n\t\t<\/div>\n\t\t\t\t\t<\/div>\n\t\t<\/section>\n\t\t\t\t<section class=\"elementor-section elementor-top-section elementor-element elementor-element-19cdc64 elementor-section-boxed elementor-section-height-default elementor-section-height-default\" data-id=\"19cdc64\" data-element_type=\"section\">\n\t\t\t\t\t\t\t<div class=\"elementor-background-overlay\"><\/div>\n\t\t\t\t\t\t\t<div class=\"elementor-container elementor-column-gap-default\">\n\t\t\t\t\t<div class=\"elementor-column elementor-col-33 elementor-top-column elementor-element elementor-element-d6ed251\" data-id=\"d6ed251\" data-element_type=\"column\">\n\t\t\t<div class=\"elementor-widget-wrap elementor-element-populated\">\n\t\t\t\t\t\t<div class=\"elementor-element elementor-element-6093427 elementor-widget elementor-widget-text-editor\" data-id=\"6093427\" data-element_type=\"widget\" data-widget_type=\"text-editor.default\">\n\t\t\t\t<div class=\"elementor-widget-container\">\n\t\t\t\t\t\t\t\t\t<strong>Website operator:<\/strong><\/br>\n\nRTM Informationstechnologie GmbH &amp; Co. KG<\/br>\nW\u00fcrzburger Stra\u00dfe 197<\/br>\n90766 F\u00fcrth, Germany\n<\/br><\/br>\n<strong>Represented by:<\/strong><\/br>\n\nThomas Buck<\/br><\/br>\n\n<strong>Registered office of the company:<\/strong><\/br>\n\nF\u00fcrth<\/br><\/br>\n\n<strong>Contact:<\/strong><\/br>\n\ntel +49 911 49522 500<\/br>\nfax +49 911 49522 509<\/br>\ninfo@rtm-it.de<\/br><\/br>\n\n<strong>Registry entry:<\/strong><\/br>\n\nEntry in the Commercial Register.<\/br>\nRegistry court: Amtsgericht F\u00fcrth<\/br>\nRegisternummer: HRA 9622\t\t\t\t\t\t\t\t<\/div>\n\t\t\t\t<\/div>\n\t\t\t\t\t<\/div>\n\t\t<\/div>\n\t\t\t\t<div class=\"elementor-column elementor-col-33 elementor-top-column elementor-element elementor-element-39a4a5e\" data-id=\"39a4a5e\" data-element_type=\"column\">\n\t\t\t<div class=\"elementor-widget-wrap elementor-element-populated\">\n\t\t\t\t\t\t<div class=\"elementor-element elementor-element-c6cb3c0 elementor-widget elementor-widget-text-editor\" data-id=\"c6cb3c0\" data-element_type=\"widget\" data-widget_type=\"text-editor.default\">\n\t\t\t\t<div class=\"elementor-widget-container\">\n\t\t\t\t\t\t\t\t\t<strong>VAT ID:<\/strong><\/br>\n\nSales tax identification number according to \u00a727 a Umsatzsteuergesetz: USt-IdNr DE275674983\n<\/br><\/br>\n \n<strong>Personally liable partners:<\/strong><\/br>\n\nRTM Verwaltungs GmbH<\/br>\nW\u00fcrzburger Stra\u00dfe 197<\/br>\n90766 F\u00fcrth, Germany<\/br><\/br>\n\n<strong>Represented by the Chief Executive Officer:<\/strong><\/br>\n\nThomas Buck<\/br><\/br>\n\n<strong>Registered office of the company:<\/strong><br>\n\nF\u00fcrth<\/br><\/br>\n\n<strong>Contact:<\/strong><\/br>\ntel +49 911 49522 500<\/br>\nfax +49 911 49522 509<\/br>\ninfo@rtm-it.de\t\t\t\t\t\t\t\t<\/div>\n\t\t\t\t<\/div>\n\t\t\t\t\t<\/div>\n\t\t<\/div>\n\t\t\t\t<div class=\"elementor-column elementor-col-33 elementor-top-column elementor-element elementor-element-1dfc41e\" data-id=\"1dfc41e\" data-element_type=\"column\">\n\t\t\t<div class=\"elementor-widget-wrap elementor-element-populated\">\n\t\t\t\t\t\t<div class=\"elementor-element elementor-element-e1e197d elementor-widget elementor-widget-text-editor\" data-id=\"e1e197d\" data-element_type=\"widget\" data-widget_type=\"text-editor.default\">\n\t\t\t\t<div class=\"elementor-widget-container\">\n\t\t\t\t\t\t\t\t\t<strong>Registry entry:<\/strong><\/br>\n\nEntry in the Commercial Register.<\/br>\nRegistry court: Amtsgericht F\u00fcrth<\/br>\nRegistry number: HRB 12791\n<\/br><\/br>\n\n \n \n<strong>Responsible for the content according to \u00a7 55 (2) RStV:<\/strong><\/br>\n\nThomas Buck<\/br>\nW\u00fcrzburger Stra\u00dfe 197<\/br>\n90766 F\u00fcrth, Germany<\/br>\ntel +49 911 49522 500<\/br>\nfax +49 911 49522 509<\/br>\ninfo@rtm-it.de<\/br><\/br>\n\nWe do not participate in dispute resolution proceedings before a consumer arbitration board.\n\n\t\t\t\t\t\t\t\t<\/div>\n\t\t\t\t<\/div>\n\t\t\t\t\t<\/div>\n\t\t<\/div>\n\t\t\t\t\t<\/div>\n\t\t<\/section>\n\t\t\t\t<section class=\"elementor-section elementor-top-section elementor-element elementor-element-a74587b elementor-section-boxed elementor-section-height-default elementor-section-height-default\" data-id=\"a74587b\" data-element_type=\"section\">\n\t\t\t\t\t\t\t<div class=\"elementor-background-overlay\"><\/div>\n\t\t\t\t\t\t\t<div class=\"elementor-container elementor-column-gap-default\">\n\t\t\t\t\t<div class=\"elementor-column elementor-col-100 elementor-top-column elementor-element elementor-element-0e492a9\" data-id=\"0e492a9\" data-element_type=\"column\">\n\t\t\t<div class=\"elementor-widget-wrap elementor-element-populated\">\n\t\t\t\t\t\t<div class=\"elementor-element elementor-element-54640e7 elementor-icon-list--layout-traditional elementor-list-item-link-full_width elementor-widget elementor-widget-icon-list\" data-id=\"54640e7\" data-element_type=\"widget\" data-widget_type=\"icon-list.default\">\n\t\t\t\t<div class=\"elementor-widget-container\">\n\t\t\t\t\t\t\t<ul class=\"elementor-icon-list-items\">\n\t\t\t\t\t\t\t<li class=\"elementor-icon-list-item\">\n\t\t\t\t\t\t\t\t\t\t\t<a href=\"https:\/\/www.take-e-way.de\/leistungen\/berichts-und-informationspflichten\/\">\n\n\t\t\t\t\t\t\t\t\t\t\t\t<span class=\"elementor-icon-list-icon\">\n\t\t\t\t\t\t\t<i aria-hidden=\"true\" class=\"fas fa-plus\"><\/i>\t\t\t\t\t\t<\/span>\n\t\t\t\t\t\t\t\t\t\t<span class=\"elementor-icon-list-text\">Information requirements according to \u00a718 (2) Elektro- und Elektronikger\u00e4tegesetz<\/span>\n\t\t\t\t\t\t\t\t\t\t\t<\/a>\n\t\t\t\t\t\t\t\t\t<\/li>\n\t\t\t\t\t\t<\/ul>\n\t\t\t\t\t\t<\/div>\n\t\t\t\t<\/div>\n\t\t\t\t\t<\/div>\n\t\t<\/div>\n\t\t\t\t\t<\/div>\n\t\t<\/section>\n\t\t\t\t<section class=\"elementor-section elementor-top-section elementor-element elementor-element-cb1fdda elementor-section-boxed elementor-section-height-default elementor-section-height-default\" data-id=\"cb1fdda\" data-element_type=\"section\">\n\t\t\t\t\t\t<div class=\"elementor-container elementor-column-gap-default\">\n\t\t\t\t\t<div class=\"elementor-column elementor-col-100 elementor-top-column elementor-element elementor-element-e64e2be\" data-id=\"e64e2be\" data-element_type=\"column\">\n\t\t\t<div class=\"elementor-widget-wrap elementor-element-populated\">\n\t\t\t\t\t\t<div class=\"elementor-element elementor-element-c35ef8c elementor-widget elementor-widget-heading\" data-id=\"c35ef8c\" data-element_type=\"widget\" data-widget_type=\"heading.default\">\n\t\t\t\t<div class=\"elementor-widget-container\">\n\t\t\t\t\t<h2 class=\"elementor-heading-title elementor-size-default\">Disclaimer<\/h2>\t\t\t\t<\/div>\n\t\t\t\t<\/div>\n\t\t\t\t\t<\/div>\n\t\t<\/div>\n\t\t\t\t\t<\/div>\n\t\t<\/section>\n\t\t\t\t<section class=\"elementor-section elementor-top-section elementor-element elementor-element-b3ec026 elementor-section-boxed elementor-section-height-default elementor-section-height-default\" data-id=\"b3ec026\" data-element_type=\"section\">\n\t\t\t\t\t\t<div class=\"elementor-container elementor-column-gap-default\">\n\t\t\t\t\t<div class=\"elementor-column elementor-col-100 elementor-top-column elementor-element elementor-element-7707006\" data-id=\"7707006\" data-element_type=\"column\">\n\t\t\t<div class=\"elementor-widget-wrap elementor-element-populated\">\n\t\t\t\t\t\t<div class=\"elementor-element elementor-element-8e1c728 elementor-widget elementor-widget-heading\" data-id=\"8e1c728\" data-element_type=\"widget\" data-widget_type=\"heading.default\">\n\t\t\t\t<div class=\"elementor-widget-container\">\n\t\t\t\t\t<h4 class=\"elementor-heading-title elementor-size-default\">Liability for content<\/h4>\t\t\t\t<\/div>\n\t\t\t\t<\/div>\n\t\t\t\t<div class=\"elementor-element elementor-element-fccbeac elementor-widget elementor-widget-text-editor\" data-id=\"fccbeac\" data-element_type=\"widget\" data-widget_type=\"text-editor.default\">\n\t\t\t\t<div class=\"elementor-widget-container\">\n\t\t\t\t\t\t\t\t\t<p class=\"translation-block\">As a service provider, we are responsible for our own content on these pages in accordance with general legislation pursuant to Section 7 (1) of the German Telemedia Act (TMG). However, according to \u00a7\u00a7 8 to 10 TMG, we are not obliged as a service provider to monitor transmitted or stored third-party information or to investigate circumstances that indicate illegal activity.\n\nObligations to remove or block the use of information in accordance with general laws remain unaffected by this. However, liability in this regard is only possible from the time of knowledge of a concrete infringement. If we become aware of corresponding infringements, we will remove this content immediately.<\/p>\t\t\t\t\t\t\t\t<\/div>\n\t\t\t\t<\/div>\n\t\t\t\t<div class=\"elementor-element elementor-element-6c86484 elementor-widget elementor-widget-heading\" data-id=\"6c86484\" data-element_type=\"widget\" data-widget_type=\"heading.default\">\n\t\t\t\t<div class=\"elementor-widget-container\">\n\t\t\t\t\t<h4 class=\"elementor-heading-title elementor-size-default\">Liability for Links<\/h4>\t\t\t\t<\/div>\n\t\t\t\t<\/div>\n\t\t\t\t<div class=\"elementor-element elementor-element-7418969 elementor-widget elementor-widget-text-editor\" data-id=\"7418969\" data-element_type=\"widget\" data-widget_type=\"text-editor.default\">\n\t\t\t\t<div class=\"elementor-widget-container\">\n\t\t\t\t\t\t\t\t\t<p>Our offer contains links to external websites of third parties, on whose contents we have no influence. Therefore, we cannot assume any liability for these external contents. The respective provider or operator of the pages is always responsible for the content of the linked pages. The linked pages were checked for possible legal violations at the time of linking. Illegal contents were not recognisable at the time of linking.<\/p>\t\t\t\t\t\t\t\t<\/div>\n\t\t\t\t<\/div>\n\t\t\t\t<div class=\"elementor-element elementor-element-aa36f33 elementor-widget elementor-widget-heading\" data-id=\"aa36f33\" data-element_type=\"widget\" data-widget_type=\"heading.default\">\n\t\t\t\t<div class=\"elementor-widget-container\">\n\t\t\t\t\t<h4 class=\"elementor-heading-title elementor-size-default\">Copyright<\/h4>\t\t\t\t<\/div>\n\t\t\t\t<\/div>\n\t\t\t\t<div class=\"elementor-element elementor-element-b97843a elementor-widget elementor-widget-text-editor\" data-id=\"b97843a\" data-element_type=\"widget\" data-widget_type=\"text-editor.default\">\n\t\t\t\t<div class=\"elementor-widget-container\">\n\t\t\t\t\t\t\t\t\t<p>The content and works created by the site operators on these pages are subject to German copyright law. The reproduction, editing, distribution and any kind of exploitation outside the limits of copyright require the written consent of the respective author or creator. Downloads and copies of this site are only permitted for private, non-commercial use. Insofar as the content on this site was not created by the operator, the copyrights of third parties are respected. In particular, third-party content is identified as such. Should you nevertheless become aware of a copyright infringement, please inform us accordingly. If we become aware of any infringements, we will remove such content immediately.<\/p>\t\t\t\t\t\t\t\t<\/div>\n\t\t\t\t<\/div>\n\t\t\t\t\t<\/div>\n\t\t<\/div>\n\t\t\t\t\t<\/div>\n\t\t<\/section>\n\t\t\t\t<\/div>","protected":false},"excerpt":{"rendered":"<p>LARDIS ist eine Marke der RTM Informationstechnologie GmbH &amp; Co. KG mit Sitz in F\u00fcrth. Mit innovativen Funkbediensystemen f\u00fcr Feuerwehr, Rettungsdienst, Polizei, THW und Industrie geh\u00f6rt RTM zu den f\u00fchrenden Anbietern im deutschsprachigen Raum. Die [&hellip;]<\/p>","protected":false},"author":4,"featured_media":0,"parent":0,"menu_order":0,"comment_status":"closed","ping_status":"closed","template":"","meta":{"footnotes":""},"class_list":["post-1246","page","type-page","status-publish","hentry"],"yoast_head":"<!-- This site is optimized with the Yoast SEO plugin v26.6 - https:\/\/yoast.com\/wordpress\/plugins\/seo\/ -->\n<title>Impressum - LARDIS:ONE Funk-Navigationsl\u00f6sungen<\/title>\n<meta name=\"description\" content=\"LARDIS steht f\u00fcr innovative Funkbedienungen f\u00fcr Hilfsorganisationen. LARDIS ist eine Marke der RTM Informationstechnologie GmbH &amp; Co. KG.\" \/>\n<meta name=\"robots\" content=\"index, follow, max-snippet:-1, max-image-preview:large, max-video-preview:-1\" \/>\n<link rel=\"canonical\" href=\"https:\/\/lardis-one.de\/en\/impressum\/\" \/>\n<meta property=\"og:locale\" content=\"en_US\" \/>\n<meta property=\"og:type\" content=\"article\" \/>\n<meta property=\"og:title\" content=\"Impressum - LARDIS:ONE Funk-Navigationsl\u00f6sungen\" \/>\n<meta property=\"og:description\" content=\"LARDIS steht f\u00fcr innovative Funkbedienungen f\u00fcr Hilfsorganisationen. LARDIS ist eine Marke der RTM Informationstechnologie GmbH &amp; Co. KG.\" \/>\n<meta property=\"og:url\" content=\"https:\/\/lardis-one.de\/en\/impressum\/\" \/>\n<meta property=\"og:site_name\" content=\"LARDIS:ONE Funk-Navigationsl\u00f6sungen\" \/>\n<meta property=\"article:modified_time\" content=\"2025-03-04T15:07:37+00:00\" \/>\n<meta name=\"twitter:card\" content=\"summary_large_image\" \/>\n<meta name=\"twitter:label1\" content=\"Est. reading time\" \/>\n\t<meta name=\"twitter:data1\" content=\"3 minutes\" \/>\n<script type=\"application\/ld+json\" class=\"yoast-schema-graph\">{\"@context\":\"https:\/\/schema.org\",\"@graph\":[{\"@type\":\"WebPage\",\"@id\":\"https:\/\/lardis-one.de\/impressum\/\",\"url\":\"https:\/\/lardis-one.de\/impressum\/\",\"name\":\"Impressum - LARDIS:ONE Funk-Navigationsl\u00f6sungen\",\"isPartOf\":{\"@id\":\"https:\/\/lardis-one.de\/#website\"},\"datePublished\":\"2022-04-09T11:34:59+00:00\",\"dateModified\":\"2025-03-04T15:07:37+00:00\",\"description\":\"LARDIS steht f\u00fcr innovative Funkbedienungen f\u00fcr Hilfsorganisationen. LARDIS ist eine Marke der RTM Informationstechnologie GmbH & Co. KG.\",\"breadcrumb\":{\"@id\":\"https:\/\/lardis-one.de\/impressum\/#breadcrumb\"},\"inLanguage\":\"en-US\",\"potentialAction\":[{\"@type\":\"ReadAction\",\"target\":[\"https:\/\/lardis-one.de\/impressum\/\"]}]},{\"@type\":\"BreadcrumbList\",\"@id\":\"https:\/\/lardis-one.de\/impressum\/#breadcrumb\",\"itemListElement\":[{\"@type\":\"ListItem\",\"position\":1,\"name\":\"Home\",\"item\":\"https:\/\/lardis-one.de\/\"},{\"@type\":\"ListItem\",\"position\":2,\"name\":\"Impressum\"}]},{\"@type\":\"WebSite\",\"@id\":\"https:\/\/lardis-one.de\/#website\",\"url\":\"https:\/\/lardis-one.de\/\",\"name\":\"LARDIS:ONE Funk-Navigationsl\u00f6sungen\",\"description\":\"Der schnellste Weg zum Einsatzort f\u00fcr Hilfsorganisationen\",\"publisher\":{\"@id\":\"https:\/\/lardis-one.de\/#organization\"},\"potentialAction\":[{\"@type\":\"SearchAction\",\"target\":{\"@type\":\"EntryPoint\",\"urlTemplate\":\"https:\/\/lardis-one.de\/?s={search_term_string}\"},\"query-input\":{\"@type\":\"PropertyValueSpecification\",\"valueRequired\":true,\"valueName\":\"search_term_string\"}}],\"inLanguage\":\"en-US\"},{\"@type\":\"Organization\",\"@id\":\"https:\/\/lardis-one.de\/#organization\",\"name\":\"LARDIS ist eine Marke der RTM Informationstechnologie GmbH & Co. KG\",\"url\":\"https:\/\/lardis-one.de\/\",\"logo\":{\"@type\":\"ImageObject\",\"inLanguage\":\"en-US\",\"@id\":\"https:\/\/lardis-one.de\/#\/schema\/logo\/image\/\",\"url\":\"https:\/\/lardis-one.de\/wp-content\/uploads\/2021\/10\/Lardis-Logo-100.png\",\"contentUrl\":\"https:\/\/lardis-one.de\/wp-content\/uploads\/2021\/10\/Lardis-Logo-100.png\",\"width\":137,\"height\":50,\"caption\":\"LARDIS ist eine Marke der RTM Informationstechnologie GmbH & Co. KG\"},\"image\":{\"@id\":\"https:\/\/lardis-one.de\/#\/schema\/logo\/image\/\"}}]}<\/script>\n<!-- \/ Yoast SEO plugin. -->","yoast_head_json":{"title":"Impressum - LARDIS:ONE Funk-Navigationsl\u00f6sungen","description":"LARDIS steht f\u00fcr innovative Funkbedienungen f\u00fcr Hilfsorganisationen. LARDIS ist eine Marke der RTM Informationstechnologie GmbH & Co. KG.","robots":{"index":"index","follow":"follow","max-snippet":"max-snippet:-1","max-image-preview":"max-image-preview:large","max-video-preview":"max-video-preview:-1"},"canonical":"https:\/\/lardis-one.de\/en\/impressum\/","og_locale":"en_US","og_type":"article","og_title":"Impressum - LARDIS:ONE Funk-Navigationsl\u00f6sungen","og_description":"LARDIS steht f\u00fcr innovative Funkbedienungen f\u00fcr Hilfsorganisationen. LARDIS ist eine Marke der RTM Informationstechnologie GmbH & Co. KG.","og_url":"https:\/\/lardis-one.de\/en\/impressum\/","og_site_name":"LARDIS:ONE Funk-Navigationsl\u00f6sungen","article_modified_time":"2025-03-04T15:07:37+00:00","twitter_card":"summary_large_image","twitter_misc":{"Est. reading time":"3 minutes"},"schema":{"@context":"https:\/\/schema.org","@graph":[{"@type":"WebPage","@id":"https:\/\/lardis-one.de\/impressum\/","url":"https:\/\/lardis-one.de\/impressum\/","name":"Impressum - LARDIS:ONE Funk-Navigationsl\u00f6sungen","isPartOf":{"@id":"https:\/\/lardis-one.de\/#website"},"datePublished":"2022-04-09T11:34:59+00:00","dateModified":"2025-03-04T15:07:37+00:00","description":"LARDIS steht f\u00fcr innovative Funkbedienungen f\u00fcr Hilfsorganisationen. LARDIS ist eine Marke der RTM Informationstechnologie GmbH & Co. KG.","breadcrumb":{"@id":"https:\/\/lardis-one.de\/impressum\/#breadcrumb"},"inLanguage":"en-US","potentialAction":[{"@type":"ReadAction","target":["https:\/\/lardis-one.de\/impressum\/"]}]},{"@type":"BreadcrumbList","@id":"https:\/\/lardis-one.de\/impressum\/#breadcrumb","itemListElement":[{"@type":"ListItem","position":1,"name":"Home","item":"https:\/\/lardis-one.de\/"},{"@type":"ListItem","position":2,"name":"Impressum"}]},{"@type":"WebSite","@id":"https:\/\/lardis-one.de\/#website","url":"https:\/\/lardis-one.de\/","name":"LARDIS:ONE Funk-Navigationsl\u00f6sungen","description":"Der schnellste Weg zum Einsatzort f\u00fcr Hilfsorganisationen","publisher":{"@id":"https:\/\/lardis-one.de\/#organization"},"potentialAction":[{"@type":"SearchAction","target":{"@type":"EntryPoint","urlTemplate":"https:\/\/lardis-one.de\/?s={search_term_string}"},"query-input":{"@type":"PropertyValueSpecification","valueRequired":true,"valueName":"search_term_string"}}],"inLanguage":"en-US"},{"@type":"Organization","@id":"https:\/\/lardis-one.de\/#organization","name":"LARDIS ist eine Marke der RTM Informationstechnologie GmbH & Co. KG","url":"https:\/\/lardis-one.de\/","logo":{"@type":"ImageObject","inLanguage":"en-US","@id":"https:\/\/lardis-one.de\/#\/schema\/logo\/image\/","url":"https:\/\/lardis-one.de\/wp-content\/uploads\/2021\/10\/Lardis-Logo-100.png","contentUrl":"https:\/\/lardis-one.de\/wp-content\/uploads\/2021\/10\/Lardis-Logo-100.png","width":137,"height":50,"caption":"LARDIS ist eine Marke der RTM Informationstechnologie GmbH & Co. KG"},"image":{"@id":"https:\/\/lardis-one.de\/#\/schema\/logo\/image\/"}}]}},"_links":{"self":[{"href":"https:\/\/lardis-one.de\/en\/wp-json\/wp\/v2\/pages\/1246","targetHints":{"allow":["GET"]}}],"collection":[{"href":"https:\/\/lardis-one.de\/en\/wp-json\/wp\/v2\/pages"}],"about":[{"href":"https:\/\/lardis-one.de\/en\/wp-json\/wp\/v2\/types\/page"}],"author":[{"embeddable":true,"href":"https:\/\/lardis-one.de\/en\/wp-json\/wp\/v2\/users\/4"}],"replies":[{"embeddable":true,"href":"https:\/\/lardis-one.de\/en\/wp-json\/wp\/v2\/comments?post=1246"}],"version-history":[{"count":6,"href":"https:\/\/lardis-one.de\/en\/wp-json\/wp\/v2\/pages\/1246\/revisions"}],"predecessor-version":[{"id":3600,"href":"https:\/\/lardis-one.de\/en\/wp-json\/wp\/v2\/pages\/1246\/revisions\/3600"}],"wp:attachment":[{"href":"https:\/\/lardis-one.de\/en\/wp-json\/wp\/v2\/media?parent=1246"}],"curies":[{"name":"wp","href":"https:\/\/api.w.org\/{rel}","templated":true}]}}